{"id":4950,"date":"2026-02-24T14:15:32","date_gmt":"2026-02-24T11:15:32","guid":{"rendered":"https:\/\/comfyrestdev1.wpenginepowered.com\/?page_id=4950"},"modified":"2026-03-31T09:35:56","modified_gmt":"2026-03-31T06:35:56","slug":"comfy-rest-vidaus-tvarkos-taisykles","status":"publish","type":"page","link":"https:\/\/comfyrest.eu\/pl\/comfy-rest-vidaus-tvarkos-taisykles\/","title":{"rendered":"Comfy Rest Regulamin wewn\u0119trzny"},"content":{"rendered":"<p><span style=\"font-weight: 400;\">Drodzy Go\u015bcie, informacje te zosta\u0142y podane, aby Pa\u0144stwa pobyt i pobyt innych go\u015bci by\u0142 spokojny i przyjemny. Niniejszy Regulamin wewn\u0119trzny stanowi integraln\u0105 cz\u0119\u015b\u0107 warunk\u00f3w rezerwacji.<\/span><\/p>\n<h4><b>1. Zwierz\u0119ta domowe<\/b><\/h4>\n<p><span style=\"font-weight: 400;\">Jeste\u015bmy przyja\u017ani zwierz\u0119tom. O zwierz\u0119tach domowych nale\u017cy poinformowa\u0107 z wyprzedzeniem podczas rezerwacji.<\/span><\/p>\n<p><b>Op\u0142ata: <\/b><span style=\"font-weight: 400;\">10 \u20ac za zwierz\u0119 za noc.<\/span><\/p>\n<p><b>Maksymalna liczba: <\/b><span style=\"font-weight: 400;\">2 zwierz\u0119ta domowe na obiekt.<\/span><\/p>\n<p><span style=\"font-weight: 400;\">Zasady dotycz\u0105ce zwierz\u0105t:<\/span><\/p>\n<ul>\n<li style=\"font-weight: 400;\" aria-level=\"1\"><span style=\"font-weight: 400;\">Zwierz\u0119ta nie mog\u0105 wchodzi\u0107 na meble, kanapy ani po\u015bciel.<\/span><\/li>\n<li style=\"font-weight: 400;\" aria-level=\"1\"><span style=\"font-weight: 400;\">W przypadku znalezienia sier\u015bci lub \u015blad\u00f3w zwierz\u0105t na po\u015bcieli lub meblach naliczana jest kara 100 \u20ac.<\/span><\/li>\n<li style=\"font-weight: 400;\" aria-level=\"1\"><span style=\"font-weight: 400;\">Zwierz\u0119ta nie mog\u0105 by\u0107 pozostawiane same w apartamencie bez nadzoru.<\/span><\/li>\n<li style=\"font-weight: 400;\" aria-level=\"1\"><span style=\"font-weight: 400;\">Go\u015b\u0107 ponosi odpowiedzialno\u015b\u0107 za wszelkie szkody wyrz\u0105dzone przez zwierz\u0119ta w obiekcie i jego wyposa\u017ceniu.<\/span><\/li>\n<\/ul>\n<h4><b>2. Palenie<\/b><\/h4>\n<p><span style=\"font-weight: 400;\">Palenie (w tym e-papieros\u00f3w i urz\u0105dze\u0144 do wapowania) <\/span><b>jest surowo zabronione<\/b><span style=\"font-weight: 400;\"> wewn\u0105trz pomieszcze\u0144 i na ca\u0142ym terenie.<\/span><\/p>\n<p><span style=\"font-weight: 400;\">Naruszenie tej zasady skutkuje <\/span><b>kar\u0105 100 \u20ac<\/b><span style=\"font-weight: 400;\">na pokrycie dodatkowych koszt\u00f3w sprz\u0105tania. Je\u015bli rzeczywiste koszty sprz\u0105tania i wietrzenia przekrocz\u0105 t\u0119 kwot\u0119, Go\u015b\u0107 ponosi odpowiedzialno\u015b\u0107 za pe\u0142n\u0105 szkod\u0119.<\/span><\/p>\n<h4><b>3. Mienie i szkody<\/b><\/h4>\n<p><span style=\"font-weight: 400;\">Je\u015bli co\u015b ulegnie uszkodzeniu, prosimy o niezw\u0142oczne zg\u0142oszenie tego faktu.<\/span><\/p>\n<p><span style=\"font-weight: 400;\">Za uszkodzone lub powa\u017cnie zniszczone przedmioty szkoda jest wyceniana i fakturowana wed\u0142ug rzeczywistego kosztu wymiany lub naprawy.<\/span><\/p>\n<p><b>Wyj\u0105tek: <\/b><span style=\"font-weight: 400;\">drobne przedmioty (np. talerz, kubek lub szklanka) nie s\u0105 naliczane.<\/span><\/p>\n<h4><b>4. Cz\u0119\u015bci wsp\u00f3lne i teren<\/b><\/h4>\n<ul>\n<li style=\"font-weight: 400;\" aria-level=\"1\"><span style=\"font-weight: 400;\">Rowery ani inne wyposa\u017cenie nie mog\u0105 by\u0107 przechowywane w cz\u0119\u015bciach wsp\u00f3lnych.<\/span><\/li>\n<li style=\"font-weight: 400;\" aria-level=\"1\"><span style=\"font-weight: 400;\">Korzystanie z grilli na tarasie jest zabronione.<\/span><\/li>\n<li style=\"font-weight: 400;\" aria-level=\"1\"><span style=\"font-weight: 400;\">Za\u015bmiecanie dziedzi\u0144ca lub cz\u0119\u015bci wsp\u00f3lnych jest zabronione.<\/span><\/li>\n<li style=\"font-weight: 400;\" aria-level=\"1\"><span style=\"font-weight: 400;\">Prosimy o segregacj\u0119 odpad\u00f3w i umieszczanie ich w wyznaczonych pojemnikach.<\/span><\/li>\n<li style=\"font-weight: 400;\" aria-level=\"1\"><span style=\"font-weight: 400;\">Wylewanie fus\u00f3w po kawie, herbacie, oleju lub podobnych pozosta\u0142o\u015bci do kanalizacji jest zabronione.<\/span><\/li>\n<li style=\"font-weight: 400;\" aria-level=\"1\"><span style=\"font-weight: 400;\">Wiercenie lub wykonywanie otwor\u00f3w lub zmian w \u015bcianach, sufitach, meblach lub innych konstrukcjach jest zabronione.<\/span><\/li>\n<\/ul>\n<h4><b>5. Godziny ciszy<\/b><\/h4>\n<p><span style=\"font-weight: 400;\">Ha\u0142asowanie, g\u0142o\u015bne s\u0142uchanie muzyki lub inne zak\u0142\u00f3canie spokoju s\u0105siad\u00f3w jest zabronione w p\u00f3\u017anych godzinach nocnych (od <\/span><b>22:00 do 08:00<\/b><span style=\"font-weight: 400;\">).<\/span><\/p>\n<p><b>Imprezy, uroczysto\u015bci i wydarzenia grupowe s\u0105 zabronione<\/b><span style=\"font-weight: 400;\"> bez uprzedniej pisemnej zgody.<\/span><\/p>\n<p><span style=\"font-weight: 400;\">Naruszenie zasad dotycz\u0105cych ha\u0142asu mo\u017ce skutkowa\u0107 administracyjnymi karami pieni\u0119\u017cnymi zgodnie z prawem litewskim (80\u2013200 \u20ac od osoby).<\/span><\/p>\n<h4><b>6. Zameldowanie i wymeldowanie<\/b><\/h4>\n<p><b>Zameldowanie: <\/b><span style=\"font-weight: 400;\">od 15:00.<\/span><\/p>\n<p><b>Wymeldowanie: <\/b><span style=\"font-weight: 400;\">do 11:00.<\/span><\/p>\n<p><span style=\"font-weight: 400;\">P\u00f3\u017ane wymeldowanie musi by\u0107 uzgodnione z wyprzedzeniem. P\u00f3\u017ane wymeldowanie zale\u017cy od dost\u0119pno\u015bci i mo\u017ce wi\u0105za\u0107 si\u0119 z dodatkow\u0105 op\u0142at\u0105.<\/span><\/p>\n<p><span style=\"font-weight: 400;\">Przy wyje\u017adzie prosimy:<\/span><\/p>\n<ul>\n<li style=\"font-weight: 400;\" aria-level=\"1\"><span style=\"font-weight: 400;\">Umy\u0107 wszystkie u\u017cywane naczynia.<\/span><\/li>\n<li style=\"font-weight: 400;\" aria-level=\"1\"><span style=\"font-weight: 400;\">Wyrzuci\u0107 \u015bmieci do wyznaczonych pojemnik\u00f3w.<\/span><\/li>\n<li style=\"font-weight: 400;\" aria-level=\"1\"><span style=\"font-weight: 400;\">Zamkn\u0105\u0107 wszystkie okna i drzwi.<\/span><\/li>\n<li style=\"font-weight: 400;\" aria-level=\"1\"><span style=\"font-weight: 400;\">Zwr\u00f3ci\u0107 klucze do wyznaczonego miejsca.<\/span><\/li>\n<\/ul>\n<p><b>Pozostawione rzeczy.<\/b><span style=\"font-weight: 400;\"> Rzeczy osobiste pozostawione w obiekcie b\u0119d\u0105 przechowywane przez maksymalnie 30 dni. Prosimy o kontakt w ci\u0105gu 14 dni od wyjazdu. Przedmioty mog\u0105 zosta\u0107 wys\u0142ane kurierem na koszt Go\u015bcia. Po 30 dniach nieodebrane przedmioty zostan\u0105 zutylizowane.<\/span><\/p>\n<h4><b>7. Postanowienia ko\u0144cowe<\/b><\/h4>\n<p><span style=\"font-weight: 400;\">Osoba odpowiedzialna ma prawo do eksmisji z apartamentu przed up\u0142ywem terminu pobytu os\u00f3b, kt\u00f3re nie przestrzegaj\u0105 lub ra\u017c\u0105co naruszaj\u0105 niniejszy Regulamin wewn\u0119trzny. W takich przypadkach zwrot koszt\u00f3w nie przys\u0142uguje.<\/span><\/p>\n<p><span style=\"font-weight: 400;\">ComfyRest zastrzega sobie prawo do dochodzenia odszkodowania za wszelkie szkody i straty.<\/span><\/p>\n<p><i><span style=\"font-weight: 400;\">Dzi\u0119kujemy za przestrzeganie tych zasad.<\/span><\/i><\/p>\n<p><i><span style=\"font-weight: 400;\">Maloni\u0173 atostog\u0173 su ComfyRest!<\/span><\/i><\/p>\n<p><span style=\"font-weight: 400;\">W razie pyta\u0144: rest@comfyrest.lt | +37064569999<\/span><\/p>\n<p class=\"p2\">","protected":false},"excerpt":{"rendered":"<p>Mieli sve\u010diai, \u0161i informacija pateikta tam, kad J\u016bs\u0173 ir kit\u0173 poilsiautoj\u0173 atostogos b\u016bt\u0173 ramios ir malonios. \u0160ios Vidaus taisykl\u0117s yra neatskiriama rezervacijos s\u0105lyg\u0173 dalis. 1. Augintiniai Esame draugi\u0161ki gyv\u016bnams. Apie augintinius b\u016btina informuoti i\u0161 anksto rezervacijos metu. Mokestis: 10 \u20ac u\u017e augintin\u012f u\u017e nakvyn\u0119. Maksimalus skai\u010dius: 2 augintiniai vienam objektui. Augintini\u0173 taisykl\u0117s: Draud\u017eiama augintiniams lipti [&hellip;]<\/p>\n","protected":false},"author":50,"featured_media":0,"parent":0,"menu_order":0,"comment_status":"closed","ping_status":"closed","template":"","meta":{"_acf_changed":false,"_et_pb_use_builder":"","_et_pb_old_content":"","_et_gb_content_width":"","footnotes":""},"categories":[],"class_list":["post-4950","page","type-page","status-publish","hentry"],"acf":[],"_links":{"self":[{"href":"https:\/\/comfyrest.eu\/pl\/wp-json\/wp\/v2\/pages\/4950","targetHints":{"allow":["GET"]}}],"collection":[{"href":"https:\/\/comfyrest.eu\/pl\/wp-json\/wp\/v2\/pages"}],"about":[{"href":"https:\/\/comfyrest.eu\/pl\/wp-json\/wp\/v2\/types\/page"}],"author":[{"embeddable":true,"href":"https:\/\/comfyrest.eu\/pl\/wp-json\/wp\/v2\/users\/50"}],"replies":[{"embeddable":true,"href":"https:\/\/comfyrest.eu\/pl\/wp-json\/wp\/v2\/comments?post=4950"}],"version-history":[{"count":0,"href":"https:\/\/comfyrest.eu\/pl\/wp-json\/wp\/v2\/pages\/4950\/revisions"}],"wp:attachment":[{"href":"https:\/\/comfyrest.eu\/pl\/wp-json\/wp\/v2\/media?parent=4950"}],"wp:term":[{"taxonomy":"category","embeddable":true,"href":"https:\/\/comfyrest.eu\/pl\/wp-json\/wp\/v2\/categories?post=4950"}],"curies":[{"name":"wp","href":"https:\/\/api.w.org\/{rel}","templated":true}]}}