{"id":550,"date":"2020-07-12T09:06:08","date_gmt":"2020-07-12T11:06:08","guid":{"rendered":"https:\/\/comfyrestlt.local\/?page_id=550"},"modified":"2023-08-25T12:26:35","modified_gmt":"2023-08-25T09:26:35","slug":"kontaktai","status":"publish","type":"page","link":"https:\/\/comfyrest.eu\/lv\/kontaktai\/","title":{"rendered":"Sazinieties ar"},"content":{"rendered":"<p>[et_pb_section fb_built=&#8221;1&#8243; module_id=&#8221;rezervuoti&#8221; _builder_version=&#8221;4.16&#8243; background_color=&#8221;#f9f9f9&#8243; background_image=&#8221;https:\/\/comfyrest.eu\/wp-content\/uploads\/2020\/08\/gintaro-ilanka.jpg&#8221; custom_margin=&#8221;||||false|false&#8221; custom_css_main_element=&#8221;min-height: 50vh;||display: flex;||flex-direction: column;&#8221; collapsed=&#8221;off&#8221; global_colors_info=&#8221;{}&#8221;][\/et_pb_section][et_pb_section fb_built=&#8221;1&#8243; _builder_version=&#8221;4.22.0&#8243; _module_preset=&#8221;default&#8221; background_enable_color=&#8221;off&#8221; use_background_color_gradient=&#8221;on&#8221; background_color_gradient_direction=&#8221;0deg&#8221; background_color_gradient_stops=&#8221;#fff9e8 45%|#feffed 100%&#8221; background_color_gradient_overlays_image=&#8221;on&#8221; background_color_gradient_start=&#8221;rgba(127,198,231,0.11)&#8221; background_color_gradient_end=&#8221;rgba(252,252,252,0)&#8221; background_enable_image=&#8221;off&#8221; background_position=&#8221;bottom_center&#8221; global_module=&#8221;3600&#8243; saved_tabs=&#8221;all&#8221; global_colors_info=&#8221;{}&#8221;][et_pb_row _builder_version=&#8221;4.22.0&#8243; _module_preset=&#8221;default&#8221; custom_padding=&#8221;0px|||||&#8221; global_colors_info=&#8221;{}&#8221;][et_pb_column type=&#8221;4_4&#8243; _builder_version=&#8221;4.22.0&#8243; _module_preset=&#8221;default&#8221; global_colors_info=&#8221;{}&#8221;][et_pb_heading title=&#8221;Turite klausim\u0173? Susisiekite!&#8221; _builder_version=&#8221;4.22.0&#8243; _module_preset=&#8221;default&#8221; title_level=&#8221;h2&#8243; title_font=&#8221;|300|||||||&#8221; title_text_align=&#8221;center&#8221; title_font_size=&#8221;42px&#8221; title_line_height=&#8221;1.3em&#8221; max_width=&#8221;70%&#8221; max_width_tablet=&#8221;100%&#8221; max_width_phone=&#8221;100%&#8221; max_width_last_edited=&#8221;on|phone&#8221; module_alignment=&#8221;center&#8221; custom_padding=&#8221;|0px||0px|false|true&#8221; title_font_size_tablet=&#8221;32px&#8221; title_font_size_phone=&#8221;32px&#8221; title_font_size_last_edited=&#8221;on|phone&#8221; locked=&#8221;off&#8221; global_colors_info=&#8221;{}&#8221;][\/et_pb_heading][\/et_pb_column][\/et_pb_row][et_pb_row column_structure=&#8221;1_2,1_2&#8243; _builder_version=&#8221;4.22.0&#8243; _module_preset=&#8221;default&#8221; max_width=&#8221;650px&#8221; custom_padding=&#8221;0px|||||&#8221; global_colors_info=&#8221;{}&#8221;][et_pb_column type=&#8221;1_2&#8243; _builder_version=&#8221;4.22.0&#8243; _module_preset=&#8221;default&#8221; custom_padding=&#8221;0px||0px||true|false&#8221; custom_css_main_element=&#8221;margin-bottom: 0px;&#8221; global_colors_info=&#8221;{}&#8221;][et_pb_button button_url=&#8221;http:\/\/m.me\/comfyrest&#8221; url_new_window=&#8221;on&#8221; button_text=&#8221;Facebook \u017einute&#8221; button_alignment=&#8221;center&#8221; disabled_on=&#8221;off|off|off&#8221; module_class=&#8221;full-width-btn&#8221; _builder_version=&#8221;4.22.0&#8243; custom_button=&#8221;on&#8221; button_text_size=&#8221;22px&#8221; button_text_color=&#8221;#242424&#8243; button_bg_color=&#8221;#d5f9d1&#8243; button_border_width=&#8221;2px&#8221; button_border_color=&#8221;RGBA(255,255,255,0)&#8221; button_border_radius=&#8221;8px&#8221; button_letter_spacing=&#8221;0px&#8221; button_font=&#8221;Poppins||||||||&#8221; button_icon=&#8221;&#xf39f;||fa||400&#8243; button_icon_placement=&#8221;left&#8221; button_on_hover=&#8221;off&#8221; custom_margin=&#8221;40px||0px||false|false&#8221; custom_padding=&#8221;15px||15px||true|false&#8221; button_border_width_tablet=&#8221;2px&#8221; button_border_width_phone=&#8221;2px&#8221; button_border_width_last_edited=&#8221;on|desktop&#8221; button_border_color_tablet=&#8221;RGBA(255,255,255,0)&#8221; button_border_color_phone=&#8221;RGBA(255,255,255,0)&#8221; button_border_color_last_edited=&#8221;on|desktop&#8221; box_shadow_style=&#8221;preset3&#8243; box_shadow_vertical=&#8221;1px&#8221; box_shadow_blur=&#8221;5px&#8221; box_shadow_spread=&#8221;0px&#8221; box_shadow_color=&#8221;rgba(0,0,0,0.12)&#8221; locked=&#8221;off&#8221; global_colors_info=&#8221;{}&#8221; transform_styles__hover_enabled=&#8221;on|desktop&#8221; button_border_width__hover_enabled=&#8221;on|hover&#8221; button_border_width__hover=&#8221;2px&#8221; button_text_size__hover_enabled=&#8221;on|desktop&#8221; button_border_color__hover=&#8221;#6B6B6B&#8221; button_border_color__hover_enabled=&#8221;on|hover&#8221; transform_scale__hover_enabled=&#8221;on|desktop&#8221; transform_translate__hover_enabled=&#8221;on|desktop&#8221; transform_rotate__hover_enabled=&#8221;on|desktop&#8221; transform_skew__hover_enabled=&#8221;on|desktop&#8221; transform_origin__hover_enabled=&#8221;on|desktop&#8221; button_text_size__hover=&#8221;22px&#8221;][\/et_pb_button][et_pb_button button_url=&#8221;https:\/\/wa.me\/%2B37064569999&#8243; url_new_window=&#8221;on&#8221; button_text=&#8221;WhatsApp \u017einute&#8221; button_alignment=&#8221;center&#8221; disabled_on=&#8221;off|off|off&#8221; module_class=&#8221;full-width-btn&#8221; _builder_version=&#8221;4.22.0&#8243; custom_button=&#8221;on&#8221; button_text_size=&#8221;22px&#8221; button_text_color=&#8221;#242424&#8243; button_bg_color=&#8221;#d5f9d1&#8243; button_border_width=&#8221;2px&#8221; button_border_color=&#8221;RGBA(255,255,255,0)&#8221; button_border_radius=&#8221;8px&#8221; button_letter_spacing=&#8221;0px&#8221; button_font=&#8221;Poppins||||||||&#8221; button_icon=&#8221;&#xf232;||fa||400&#8243; button_icon_placement=&#8221;left&#8221; button_on_hover=&#8221;off&#8221; custom_margin=&#8221;40px||0px||false|false&#8221; custom_padding=&#8221;15px||15px||true|false&#8221; button_border_width_tablet=&#8221;&#8221; button_border_width_phone=&#8221;&#8221; button_border_width_last_edited=&#8221;on|desktop&#8221; button_border_color_tablet=&#8221;&#8221; button_border_color_phone=&#8221;&#8221; button_border_color_last_edited=&#8221;on|desktop&#8221; box_shadow_style=&#8221;preset3&#8243; box_shadow_vertical=&#8221;1px&#8221; box_shadow_blur=&#8221;5px&#8221; box_shadow_spread=&#8221;0px&#8221; box_shadow_color=&#8221;rgba(0,0,0,0.12)&#8221; locked=&#8221;off&#8221; global_colors_info=&#8221;{}&#8221; button_border_width__hover=&#8221;2px&#8221; button_border_width__hover_enabled=&#8221;on|hover&#8221; button_border_color__hover=&#8221;#6B6B6B&#8221; button_border_color__hover_enabled=&#8221;on|hover&#8221; transform_styles__hover_enabled=&#8221;on|desktop&#8221; button_text_size__hover_enabled=&#8221;on|desktop&#8221; transform_scale__hover_enabled=&#8221;on|desktop&#8221; transform_translate__hover_enabled=&#8221;on|desktop&#8221; transform_rotate__hover_enabled=&#8221;on|desktop&#8221; transform_skew__hover_enabled=&#8221;on|desktop&#8221; transform_origin__hover_enabled=&#8221;on|desktop&#8221; button_text_size__hover=&#8221;22px&#8221;][\/et_pb_button][\/et_pb_column][et_pb_column type=&#8221;1_2&#8243; _builder_version=&#8221;4.22.0&#8243; _module_preset=&#8221;default&#8221; global_colors_info=&#8221;{}&#8221;][et_pb_button button_url=&#8221;tel:+37064569999&#8243; url_new_window=&#8221;on&#8221; button_text=&#8221;+370 645 69999&#8243; button_alignment=&#8221;center&#8221; disabled_on=&#8221;off|off|off&#8221; admin_label=&#8221;Button&#8221; module_class=&#8221;full-width-btn&#8221; _builder_version=&#8221;4.22.0&#8243; custom_button=&#8221;on&#8221; button_text_size=&#8221;22px&#8221; button_text_color=&#8221;#242424&#8243; button_bg_color=&#8221;#d5f9d1&#8243; button_border_width=&#8221;2px&#8221; button_border_color=&#8221;RGBA(255,255,255,0)&#8221; button_border_radius=&#8221;8px&#8221; button_letter_spacing=&#8221;0px&#8221; button_font=&#8221;Poppins||||||||&#8221; button_icon=&#8221;&#xf3cd;||fa||900&#8243; button_icon_placement=&#8221;left&#8221; button_on_hover=&#8221;off&#8221; custom_margin=&#8221;40px||0px||false|false&#8221; custom_padding=&#8221;15px||15px||true|false&#8221; button_border_width_tablet=&#8221;&#8221; button_border_width_phone=&#8221;&#8221; button_border_width_last_edited=&#8221;on|desktop&#8221; button_border_color_tablet=&#8221;&#8221; button_border_color_phone=&#8221;&#8221; button_border_color_last_edited=&#8221;on|desktop&#8221; box_shadow_style=&#8221;preset3&#8243; box_shadow_vertical=&#8221;1px&#8221; box_shadow_blur=&#8221;5px&#8221; box_shadow_spread=&#8221;0px&#8221; box_shadow_color=&#8221;rgba(0,0,0,0.12)&#8221; locked=&#8221;off&#8221; global_colors_info=&#8221;{}&#8221; button_border_width__hover=&#8221;2px&#8221; button_border_width__hover_enabled=&#8221;on|hover&#8221; button_border_color__hover=&#8221;#6B6B6B&#8221; button_border_color__hover_enabled=&#8221;on|hover&#8221; transform_styles__hover_enabled=&#8221;on|desktop&#8221; button_text_size__hover_enabled=&#8221;on|desktop&#8221; transform_scale__hover_enabled=&#8221;on|desktop&#8221; transform_translate__hover_enabled=&#8221;on|desktop&#8221; transform_rotate__hover_enabled=&#8221;on|desktop&#8221; transform_skew__hover_enabled=&#8221;on|desktop&#8221; transform_origin__hover_enabled=&#8221;on|desktop&#8221; button_text_size__hover=&#8221;22px&#8221;][\/et_pb_button][et_pb_button button_url=&#8221;mailto:rest@comfyrest.lt&#8221; url_new_window=&#8221;on&#8221; button_text=&#8221;rest@comfyrest.lt&#8221; button_alignment=&#8221;center&#8221; disabled_on=&#8221;off|off|off&#8221; admin_label=&#8221;Button&#8221; module_class=&#8221;full-width-btn&#8221; _builder_version=&#8221;4.22.0&#8243; custom_button=&#8221;on&#8221; button_text_size=&#8221;22px&#8221; button_text_color=&#8221;#242424&#8243; button_bg_color=&#8221;#d5f9d1&#8243; button_border_width=&#8221;2px&#8221; button_border_color=&#8221;RGBA(255,255,255,0)&#8221; button_border_radius=&#8221;8px&#8221; button_letter_spacing=&#8221;0px&#8221; button_font=&#8221;Poppins||||||||&#8221; button_icon=&#8221;&#xf1fa;||fa||900&#8243; button_icon_placement=&#8221;left&#8221; button_on_hover=&#8221;off&#8221; custom_margin=&#8221;40px||0px||false|false&#8221; custom_padding=&#8221;15px||15px||true|false&#8221; button_border_width_tablet=&#8221;&#8221; button_border_width_phone=&#8221;&#8221; button_border_width_last_edited=&#8221;on|desktop&#8221; button_border_color_tablet=&#8221;&#8221; button_border_color_phone=&#8221;&#8221; button_border_color_last_edited=&#8221;on|desktop&#8221; box_shadow_style=&#8221;preset3&#8243; box_shadow_vertical=&#8221;1px&#8221; box_shadow_blur=&#8221;5px&#8221; box_shadow_spread=&#8221;0px&#8221; box_shadow_color=&#8221;rgba(0,0,0,0.12)&#8221; locked=&#8221;off&#8221; global_colors_info=&#8221;{}&#8221; button_border_width__hover=&#8221;2px&#8221; button_border_width__hover_enabled=&#8221;on|hover&#8221; button_border_color__hover=&#8221;#6B6B6B&#8221; button_border_color__hover_enabled=&#8221;on|hover&#8221; transform_styles__hover_enabled=&#8221;on|desktop&#8221; button_text_size__hover_enabled=&#8221;on|desktop&#8221; transform_scale__hover_enabled=&#8221;on|desktop&#8221; transform_translate__hover_enabled=&#8221;on|desktop&#8221; transform_rotate__hover_enabled=&#8221;on|desktop&#8221; transform_skew__hover_enabled=&#8221;on|desktop&#8221; transform_origin__hover_enabled=&#8221;on|desktop&#8221; button_text_size__hover=&#8221;22px&#8221;][\/et_pb_button][\/et_pb_column][\/et_pb_row][\/et_pb_section][et_pb_section fb_built=&#8221;1&#8243; _builder_version=&#8221;4.22.0&#8243; background_enable_color=&#8221;off&#8221; background_enable_image=&#8221;off&#8221; background_position=&#8221;bottom_center&#8221; custom_margin=&#8221;3rem||3rem||true|false&#8221; custom_padding=&#8221;0px||0px||true|false&#8221; hover_enabled=&#8221;0&#8243; collapsed=&#8221;off&#8221; global_colors_info=&#8221;{}&#8221; sticky_enabled=&#8221;0&#8243;][et_pb_row _builder_version=&#8221;4.22.0&#8243; width=&#8221;90%&#8221; max_width=&#8221;1200px&#8221; custom_margin=&#8221;0px|auto|0px|auto|true|false&#8221; custom_margin_tablet=&#8221;&#8221; custom_margin_phone=&#8221;0px|auto|0px|auto|false|false&#8221; custom_margin_last_edited=&#8221;on|phone&#8221; custom_padding=&#8221;||||false|false&#8221; global_colors_info=&#8221;{}&#8221;][et_pb_column type=&#8221;4_4&#8243; _builder_version=&#8221;4.16&#8243; global_colors_info=&#8221;{}&#8221;][et_pb_text module_id=&#8221;rezervuoti&#8221; _builder_version=&#8221;4.22.0&#8243; text_font=&#8221;|300|||||||&#8221; text_text_color=&#8221;#3a3a3a&#8221; text_line_height=&#8221;1.3em&#8221; header_font=&#8221;Poppins|300|||||||&#8221; header_font_size=&#8221;36px&#8221; header_2_font=&#8221;|300|||||||&#8221; header_2_font_size=&#8221;36px&#8221; header_2_line_height=&#8221;1.3em&#8221; header_3_font=&#8221;|300|||||||&#8221; header_3_font_size=&#8221;24px&#8221; background_color=&#8221;rgba(252,252,252,0)&#8221; max_width=&#8221;90%&#8221; module_alignment=&#8221;center&#8221; custom_margin=&#8221;||23px||false|false&#8221; custom_padding=&#8221;||||false|false&#8221; header_font_size_tablet=&#8221;&#8221; header_font_size_phone=&#8221;30px&#8221; header_font_size_last_edited=&#8221;on|phone&#8221; header_2_font_size_tablet=&#8221;&#8221; header_2_font_size_phone=&#8221;26px&#8221; header_2_font_size_last_edited=&#8221;on|desktop&#8221; locked=&#8221;off&#8221; global_colors_info=&#8221;{}&#8221;]<\/p>\n<h3 style=\"text-align: center;\">Duomenys apmok\u0117jimui banko pavedimu:<\/h3>\n<p>[\/et_pb_text][et_pb_text disabled_on=&#8221;off|off|off&#8221; _builder_version=&#8221;4.22.0&#8243; text_font=&#8221;|300|||||||&#8221; header_2_font=&#8221;|300|||||||&#8221; header_3_font=&#8221;|300|||||||&#8221; header_3_font_size=&#8221;26px&#8221; header_4_font=&#8221;|300|||||||&#8221; text_orientation=&#8221;center&#8221; header_3_font_size_tablet=&#8221;&#8221; header_3_font_size_phone=&#8221;&#8221; header_3_font_size_last_edited=&#8221;on|desktop&#8221; locked=&#8221;off&#8221; global_colors_info=&#8221;{}&#8221;]<\/p>\n<p><strong>Gav\u0117jas:<br \/><\/strong>UAB \u201eLimo trading company\u201c<\/p>\n<p><strong>\u012emon\u0117s kodas:<br \/><\/strong>133114845<\/p>\n<p><strong>S\u0105skaitos nr.:<br \/><\/strong>LT193500010001263795<\/p>\n<p><strong>Mok\u0117jimo paskirtis:<br \/><\/strong>u\u017e apartamento nr. nuom\u0105 NUO-IKI<\/p>\n<p>[\/et_pb_text][\/et_pb_column][\/et_pb_row][\/et_pb_section][et_pb_section fb_built=&#8221;1&#8243; fullwidth=&#8221;on&#8221; _builder_version=&#8221;4.22.0&#8243; _module_preset=&#8221;default&#8221; hover_enabled=&#8221;0&#8243; custom_css_main_element=&#8221;display:flex;||flex-wrap:wrap;&#8221; global_colors_info=&#8221;{}&#8221; global_module=&#8221;3766&#8243; theme_builder_area=&#8221;post_content&#8221; custom_margin=&#8221;4rem||4rem||true|false&#8221; sticky_enabled=&#8221;0&#8243;][et_pb_fullwidth_code admin_label=&#8221;Fullwidth Code&#8221; _builder_version=&#8221;4.22.0&#8243; _module_preset=&#8221;default&#8221; width=&#8221;50%&#8221; width_tablet=&#8221;100%&#8221; width_phone=&#8221;100%&#8221; width_last_edited=&#8221;on|phone&#8221; max_height_tablet=&#8221;&#8221; max_height_phone=&#8221;&#8221; max_height_last_edited=&#8221;on|phone&#8221; custom_margin=&#8221;||||false|false&#8221; custom_padding=&#8221;10px|5px|10px|10px|true|false&#8221; global_colors_info=&#8221;{}&#8221; theme_builder_area=&#8221;post_content&#8221;]<iframe src=\"https:\/\/www.google.com\/maps\/embed?pb=!1m18!1m12!1m3!1d2257.4405395606263!2d21.11586431350795!3d55.54211357289438!2m3!1f0!2f0!3f0!3m2!1i1024!2i768!4f13.1!3m3!1m2!1s0x46e4c37cbac54e41%3A0x3af135419510d5f2!2sComfy%20Rest%20Kalno!5e0!3m2!1sen!2slt!4v1692280184175!5m2!1sen!2slt\" width=\"100%\" height=\"400\" style=\"border:0;\" allowfullscreen=\"\" loading=\"lazy\" referrerpolicy=\"no-referrer-when-downgrade\"><\/iframe><!-- [et_pb_line_break_holder] --><pee style=\"color:red;font-size:medium;font-weight:300;text-align: center;max-width: 80%;margin: auto;\"><!-- [et_pb_line_break_holder] -->D\u0117mesio: Kalno nam\u0173 gatv\u0117 pasikeit\u0117 i\u0161 <span style=\"font-weight:700\">Kalno g.<\/span> \u012f <span style=\"font-weight:700;text-decoration: underline;\">Vilos g.<\/span><!\u2013- [et_pb_br_holder] -\u2013>Google Maps ir kiti gali b\u016bti neatsinaujin\u0119.<!-- [et_pb_line_break_holder] --><\/pee>[\/et_pb_fullwidth_code][et_pb_fullwidth_code admin_label=&#8221;Fullwidth Code&#8221; _builder_version=&#8221;4.22.0&#8243; _module_preset=&#8221;default&#8221; width=&#8221;50%&#8221; width_tablet=&#8221;100%&#8221; width_phone=&#8221;100%&#8221; width_last_edited=&#8221;on|phone&#8221; max_height_tablet=&#8221;&#8221; max_height_phone=&#8221;&#8221; max_height_last_edited=&#8221;on|desktop&#8221; custom_margin_tablet=&#8221;&#8221; custom_margin_phone=&#8221;&#8221; custom_margin_last_edited=&#8221;on|tablet&#8221; custom_padding=&#8221;10px|10px|10px|10px|false|false&#8221; global_colors_info=&#8221;{}&#8221; theme_builder_area=&#8221;post_content&#8221;]<iframe src=\"https:\/\/www.google.com\/maps\/embed?pb=!1m18!1m12!1m3!1d2257.5291222797373!2d21.114423477934768!3d55.540570773006486!2m3!1f0!2f0!3f0!3m2!1i1024!2i768!4f13.1!3m3!1m2!1s0x46e4c3464c375f97%3A0x3fb316126c36ecbf!2sComfy%20Rest%20Smelt%C4%97!5e0!3m2!1sen!2slt!4v1692279594073!5m2!1sen!2slt\" width=\"100%\" height=\"400px\" style=\"border:0;\" allowfullscreen=\"\" loading=\"lazy\" referrerpolicy=\"no-referrer-when-downgrade\"><\/iframe>[\/et_pb_fullwidth_code][\/et_pb_section]<\/p>\n","protected":false},"excerpt":{"rendered":"<p>Duomenys apmok\u0117jimui banko pavedimu:Gav\u0117jas:UAB \u201eLimo trading company\u201c \u012emon\u0117s kodas:133114845 S\u0105skaitos nr.:LT193500010001263795 Mok\u0117jimo paskirtis:u\u017e apartamento nr. nuom\u0105 NUO-IKI<\/p>","protected":false},"author":1,"featured_media":0,"parent":0,"menu_order":0,"comment_status":"closed","ping_status":"closed","template":"","meta":{"_acf_changed":false,"_et_pb_use_builder":"on","_et_pb_old_content":"","_et_gb_content_width":"","footnotes":""},"categories":[],"class_list":["post-550","page","type-page","status-publish","hentry"],"acf":[],"_links":{"self":[{"href":"https:\/\/comfyrest.eu\/lv\/wp-json\/wp\/v2\/pages\/550","targetHints":{"allow":["GET"]}}],"collection":[{"href":"https:\/\/comfyrest.eu\/lv\/wp-json\/wp\/v2\/pages"}],"about":[{"href":"https:\/\/comfyrest.eu\/lv\/wp-json\/wp\/v2\/types\/page"}],"author":[{"embeddable":true,"href":"https:\/\/comfyrest.eu\/lv\/wp-json\/wp\/v2\/users\/1"}],"replies":[{"embeddable":true,"href":"https:\/\/comfyrest.eu\/lv\/wp-json\/wp\/v2\/comments?post=550"}],"version-history":[{"count":0,"href":"https:\/\/comfyrest.eu\/lv\/wp-json\/wp\/v2\/pages\/550\/revisions"}],"wp:attachment":[{"href":"https:\/\/comfyrest.eu\/lv\/wp-json\/wp\/v2\/media?parent=550"}],"wp:term":[{"taxonomy":"category","embeddable":true,"href":"https:\/\/comfyrest.eu\/lv\/wp-json\/wp\/v2\/categories?post=550"}],"curies":[{"name":"wp","href":"https:\/\/api.w.org\/{rel}","templated":true}]}}