{"id":4950,"date":"2026-02-24T14:15:32","date_gmt":"2026-02-24T11:15:32","guid":{"rendered":"https:\/\/comfyrestdev1.wpenginepowered.com\/?page_id=4950"},"modified":"2026-03-31T09:35:56","modified_gmt":"2026-03-31T06:35:56","slug":"comfy-rest-vidaus-tvarkos-taisykles","status":"publish","type":"page","link":"https:\/\/comfyrest.eu\/et\/comfy-rest-vidaus-tvarkos-taisykles\/","title":{"rendered":"Comfy Rest majasisesed reeglid"},"content":{"rendered":"<p><span style=\"font-weight: 400;\">Kallid k\u00fclalised, see teave on esitatud selleks, et Teie ja teiste k\u00fclaliste puhkus oleks rahulik ja meeldiv. Need Majasisesed reeglid on broneeringu tingimuste lahutamatu osa.<\/span><\/p>\n<h4><b>1. Lemmikloomad<\/b><\/h4>\n<p><span style=\"font-weight: 400;\">Oleme lemmikloomadele s\u00f5bralik. Lemmikloomadest tuleb eelnevalt broneeringu ajal teavitada.<\/span><\/p>\n<p><b>Tasu: <\/b><span style=\"font-weight: 400;\">10 \u20ac lemmiklooma \u00f6\u00f6 kohta.<\/span><\/p>\n<p><b>Maksimaalne arv: <\/b><span style=\"font-weight: 400;\">2 lemmiklooma objekti kohta.<\/span><\/p>\n<p><span style=\"font-weight: 400;\">Lemmikloomade reeglid:<\/span><\/p>\n<ul>\n<li style=\"font-weight: 400;\" aria-level=\"1\"><span style=\"font-weight: 400;\">Lemmikloomadel ei ole lubatud m\u00f6\u00f6blile, diivanitele ega voodipesule ronida.<\/span><\/li>\n<li style=\"font-weight: 400;\" aria-level=\"1\"><span style=\"font-weight: 400;\">Kui voodipesult v\u00f5i m\u00f6\u00f6blilt leitakse loomakarvad v\u00f5i j\u00e4ljed, rakendatakse 100 \u20ac trahvi.<\/span><\/li>\n<li style=\"font-weight: 400;\" aria-level=\"1\"><span style=\"font-weight: 400;\">Lemmikloomi ei tohi korteris j\u00e4relevalveta j\u00e4tta.<\/span><\/li>\n<li style=\"font-weight: 400;\" aria-level=\"1\"><span style=\"font-weight: 400;\">K\u00fclaline vastutab lemmikloomade poolt objektile ja selle sisustusele tekitatud kahjude eest.<\/span><\/li>\n<\/ul>\n<h4><b>2. Suitsetamine<\/b><\/h4>\n<p><span style=\"font-weight: 400;\">Suitsetamine (sealhulgas e-sigaretid ja aurustamisseadmed) <\/span><b>on rangelt keelatud<\/b><span style=\"font-weight: 400;\"> siseruumides ja kogu territooriumil.<\/span><\/p>\n<p><span style=\"font-weight: 400;\">Selle reegli rikkumise eest rakendatakse <\/span><b>100 \u20ac trahvi<\/b><span style=\"font-weight: 400;\">lisakoristuskulude katmiseks. Kui tegelikud koristus- ja ventilatsioonikulud \u00fcletavad selle summa, vastutab K\u00fclaline kogu kahju eest.<\/span><\/p>\n<h4><b>3. Vara ja kahjud<\/b><\/h4>\n<p><span style=\"font-weight: 400;\">Kui midagi puruneb v\u00f5i kahjustub, palume mitte viivitada ja sellest v\u00f5imalikult kiiresti teatada.<\/span><\/p>\n<p><span style=\"font-weight: 400;\">Purunenud v\u00f5i tugevalt kahjustatud esemete puhul hinnatakse kahju ja esitatakse arve tegeliku asendus- v\u00f5i remondihinna alusel.<\/span><\/p>\n<p><b>Erand: <\/b><span style=\"font-weight: 400;\">v\u00e4ikeseid esemeid (nt taldrik, tass v\u00f5i klaas) ei arveldata.<\/span><\/p>\n<h4><b>4. \u00dchiskasutatavad ruumid ja territoorium<\/b><\/h4>\n<ul>\n<li style=\"font-weight: 400;\" aria-level=\"1\"><span style=\"font-weight: 400;\">Jalgrattaid ega muud varustust ei tohi \u00fchiskasutatavates ruumides hoida.<\/span><\/li>\n<li style=\"font-weight: 400;\" aria-level=\"1\"><span style=\"font-weight: 400;\">Grillide kasutamine terrassil on keelatud.<\/span><\/li>\n<li style=\"font-weight: 400;\" aria-level=\"1\"><span style=\"font-weight: 400;\">Pr\u00fcgi loopimine \u00f5ues v\u00f5i \u00fchiskasutatavates ruumides on keelatud.<\/span><\/li>\n<li style=\"font-weight: 400;\" aria-level=\"1\"><span style=\"font-weight: 400;\">Palume pr\u00fcgi sortida ja panna selleks etten\u00e4htud konteineritesse.<\/span><\/li>\n<li style=\"font-weight: 400;\" aria-level=\"1\"><span style=\"font-weight: 400;\">Kohvipaksu, teelehtede, \u00f5li v\u00f5i muude sarnaste j\u00e4\u00e4kide valamine kanalisatsiooni on keelatud.<\/span><\/li>\n<li style=\"font-weight: 400;\" aria-level=\"1\"><span style=\"font-weight: 400;\">Seintesse, lagedesse, m\u00f6\u00f6blisse v\u00f5i muudesse konstruktsioonidesse aukude puurimine v\u00f5i muudatuste tegemine on keelatud.<\/span><\/li>\n<\/ul>\n<h4><b>5. Vaikseaeg<\/b><\/h4>\n<p><span style=\"font-weight: 400;\">M\u00fcra tegemine, valju muusika kuulamine v\u00f5i naabreid muul viisil h\u00e4irimine on hilis\u00f5htul keelatud (alates <\/span><b>22:00 kuni 08:00<\/b><span style=\"font-weight: 400;\">).<\/span><\/p>\n<p><b>Peod, t\u00e4histamised ja grup\u00fcritused on keelatud<\/b><span style=\"font-weight: 400;\"> ilma eelneva kirjaliku n\u00f5usolekuta.<\/span><\/p>\n<p><span style=\"font-weight: 400;\">M\u00fcrareeglite rikkumise eest v\u00f5idakse Leedu seaduste alusel rakendada haldustrahve (80\u2013200 \u20ac isiku kohta).<\/span><\/p>\n<h4><b>6. Sisseregistreerimine ja v\u00e4ljaregistreerimine<\/b><\/h4>\n<p><b>Sisseregistreerimine: <\/b><span style=\"font-weight: 400;\">alates kell 15:00.<\/span><\/p>\n<p><b>V\u00e4ljaregistreerimine: <\/b><span style=\"font-weight: 400;\">kell 11:00.<\/span><\/p>\n<p><span style=\"font-weight: 400;\">Hiline v\u00e4ljaregistreerimine tuleb eelnevalt kokku leppida. Hiline v\u00e4ljaregistreerimine s\u00f5ltub saadavusest ja lisatasu v\u00f5idakse rakendada.<\/span><\/p>\n<p><span style=\"font-weight: 400;\">Lahkumisel palume:<\/span><\/p>\n<ul>\n<li style=\"font-weight: 400;\" aria-level=\"1\"><span style=\"font-weight: 400;\">Pesta k\u00f5ik kasutatud n\u00f5ud.<\/span><\/li>\n<li style=\"font-weight: 400;\" aria-level=\"1\"><span style=\"font-weight: 400;\">Panna pr\u00fcgi selleks etten\u00e4htud konteineritesse.<\/span><\/li>\n<li style=\"font-weight: 400;\" aria-level=\"1\"><span style=\"font-weight: 400;\">Lukustada k\u00f5ik aknad ja uksed.<\/span><\/li>\n<li style=\"font-weight: 400;\" aria-level=\"1\"><span style=\"font-weight: 400;\">Tagastada v\u00f5tmed selleks etten\u00e4htud kohta.<\/span><\/li>\n<\/ul>\n<p><b>Maha j\u00e4etud esemed.<\/b><span style=\"font-weight: 400;\"> Objekti j\u00e4etud isiklikke esemeid hoitakse kuni 30 p\u00e4eva. Palume meiega \u00fchendust v\u00f5tta 14 p\u00e4eva jooksul p\u00e4rast lahkumist. Esemeid saab saata kulleriga K\u00fclalise kulul. P\u00e4rast 30 p\u00e4eva utiliseeritakse n\u00f5udmata esemed.<\/span><\/p>\n<h4><b>7. L\u00f5pps\u00e4tted<\/b><\/h4>\n<p><span style=\"font-weight: 400;\">Vastutaval isikul on \u00f5igus enne t\u00e4htaega majutusest v\u00e4lja t\u00f5sta isikuid, kes ei j\u00e4rgi v\u00f5i rikuvad j\u00e4medalt neid Majasiseseid reegleid. Sellistel juhtudel tagastust ei kohaldata.<\/span><\/p>\n<p><span style=\"font-weight: 400;\">ComfyRest j\u00e4tab endale \u00f5iguse n\u00f5uda h\u00fcvitist tekitatud kahjude ja kahjumite eest.<\/span><\/p>\n<p><i><span style=\"font-weight: 400;\">T\u00e4name, et j\u00e4rgite neid reegleid.<\/span><\/i><\/p>\n<p><i><span style=\"font-weight: 400;\">Maloni\u0173 atostog\u0173 su ComfyRest!<\/span><\/i><\/p>\n<p><span style=\"font-weight: 400;\">K\u00fcsimuste korral: rest@comfyrest.lt | +37064569999<\/span><\/p>\n<p class=\"p2\">","protected":false},"excerpt":{"rendered":"<p>Mieli sve\u010diai, \u0161i informacija pateikta tam, kad J\u016bs\u0173 ir kit\u0173 poilsiautoj\u0173 atostogos b\u016bt\u0173 ramios ir malonios. \u0160ios Vidaus taisykl\u0117s yra neatskiriama rezervacijos s\u0105lyg\u0173 dalis. 1. Augintiniai Esame draugi\u0161ki gyv\u016bnams. Apie augintinius b\u016btina informuoti i\u0161 anksto rezervacijos metu. Mokestis: 10 \u20ac u\u017e augintin\u012f u\u017e nakvyn\u0119. Maksimalus skai\u010dius: 2 augintiniai vienam objektui. Augintini\u0173 taisykl\u0117s: Draud\u017eiama augintiniams lipti [&hellip;]<\/p>\n","protected":false},"author":50,"featured_media":0,"parent":0,"menu_order":0,"comment_status":"closed","ping_status":"closed","template":"","meta":{"_acf_changed":false,"_et_pb_use_builder":"","_et_pb_old_content":"","_et_gb_content_width":"","footnotes":""},"categories":[],"class_list":["post-4950","page","type-page","status-publish","hentry"],"acf":[],"_links":{"self":[{"href":"https:\/\/comfyrest.eu\/et\/wp-json\/wp\/v2\/pages\/4950","targetHints":{"allow":["GET"]}}],"collection":[{"href":"https:\/\/comfyrest.eu\/et\/wp-json\/wp\/v2\/pages"}],"about":[{"href":"https:\/\/comfyrest.eu\/et\/wp-json\/wp\/v2\/types\/page"}],"author":[{"embeddable":true,"href":"https:\/\/comfyrest.eu\/et\/wp-json\/wp\/v2\/users\/50"}],"replies":[{"embeddable":true,"href":"https:\/\/comfyrest.eu\/et\/wp-json\/wp\/v2\/comments?post=4950"}],"version-history":[{"count":0,"href":"https:\/\/comfyrest.eu\/et\/wp-json\/wp\/v2\/pages\/4950\/revisions"}],"wp:attachment":[{"href":"https:\/\/comfyrest.eu\/et\/wp-json\/wp\/v2\/media?parent=4950"}],"wp:term":[{"taxonomy":"category","embeddable":true,"href":"https:\/\/comfyrest.eu\/et\/wp-json\/wp\/v2\/categories?post=4950"}],"curies":[{"name":"wp","href":"https:\/\/api.w.org\/{rel}","templated":true}]}}