{"id":546,"date":"2020-07-12T09:04:41","date_gmt":"2020-07-12T11:04:41","guid":{"rendered":"https:\/\/comfyrestlt.local\/?page_id=546"},"modified":"2020-08-02T16:37:16","modified_gmt":"2020-08-02T18:37:16","slug":"vieta","status":"publish","type":"page","link":"https:\/\/comfyrest.eu\/en\/vieta\/","title":{"rendered":"Location"},"content":{"rendered":"<p>[et_pb_section fb_built=&#8221;1&#8243; module_id=&#8221;kopos&#8221; _builder_version=&#8221;4.4.9&#8243; background_enable_color=&#8221;off&#8221; use_background_color_gradient=&#8221;on&#8221; background_color_gradient_start=&#8221;rgba(92,167,232,0.5)&#8221; background_color_gradient_end=&#8221;rgba(247,243,234,0)&#8221; background_color_gradient_direction=&#8221;90deg&#8221; background_color_gradient_end_position=&#8221;50%&#8221; background_color_gradient_overlays_image=&#8221;on&#8221; background_enable_image=&#8221;off&#8221; background_position=&#8221;bottom_center&#8221; custom_margin=&#8221;0px||0px||true|false&#8221; custom_padding=&#8221;0px||0px||true|false&#8221; background_color_gradient_direction_tablet=&#8221;0deg&#8221; custom_css_main_element=&#8221;min-height: 100vh;||display: flex;||flex-direction: column;&#8221;][et_pb_row _builder_version=&#8221;4.4.9&#8243; width=&#8221;100%&#8221; max_width=&#8221;1900px&#8221; custom_margin=&#8221;0px||0px||true|false&#8221; custom_padding=&#8221;0px||0px||true|false&#8221;][et_pb_column type=&#8221;4_4&#8243; _builder_version=&#8221;4.4.9&#8243;][et_pb_video src=&#8221;https:\/\/youtu.be\/YNjJnLpPc-4?rel=0&#8243; image_src=&#8221;https:\/\/comfyrest.eu\/wp-content\/uploads\/2020\/07\/vieta.jpg&#8221; thumbnail_overlay_color=&#8221;rgba(0,0,0,0.3)&#8221; _builder_version=&#8221;4.4.9&#8243;][\/et_pb_video][\/et_pb_column][\/et_pb_row][et_pb_row column_structure=&#8221;2_5,3_5&#8243; _builder_version=&#8221;4.4.9&#8243; width=&#8221;90%&#8221; max_width=&#8221;1200px&#8221; custom_margin=&#8221;100px|auto|100px|auto|true|false&#8221; custom_margin_tablet=&#8221;&#8221; custom_margin_phone=&#8221;50px|auto|50px|auto|true|false&#8221; custom_margin_last_edited=&#8221;on|phone&#8221;][et_pb_column type=&#8221;2_5&#8243; _builder_version=&#8221;4.4.9&#8243;][et_pb_text _builder_version=&#8221;4.4.9&#8243; text_font=&#8221;|300|||||||&#8221; text_line_height=&#8221;1.4em&#8221; header_font=&#8221;Poppins|500|||||||&#8221; header_text_color=&#8221;#ffffff&#8221; header_2_font=&#8221;|300|||||||&#8221; header_2_font_size=&#8221;36px&#8221; header_2_line_height=&#8221;1.3em&#8221; background_color=&#8221;rgba(252,252,252,0)&#8221; module_alignment=&#8221;left&#8221; custom_margin=&#8221;||||false|false&#8221; custom_padding=&#8221;||||true|false&#8221; header_2_font_size_tablet=&#8221;&#8221; header_2_font_size_phone=&#8221;26px&#8221; header_2_font_size_last_edited=&#8221;on|phone&#8221; locked=&#8221;off&#8221;]<\/p>\n<h2>Kur\u0161i\u0173 nerija \u2013 neabejotinai vienas unikaliausi\u0173 Lietuvos kampeli\u0173, \u012ftraukt\u0173 \u012f \u201eUnesco\u201c pasaulio paveldo s\u0105ra\u0161\u0105.<\/h2>\n<p>[\/et_pb_text][\/et_pb_column][et_pb_column type=&#8221;3_5&#8243; _builder_version=&#8221;4.4.9&#8243;][et_pb_text _builder_version=&#8221;4.4.9&#8243; text_font=&#8221;|300|||||||&#8221; text_line_height=&#8221;1.4em&#8221; header_font=&#8221;Poppins|500|||||||&#8221; header_text_color=&#8221;#ffffff&#8221; header_2_font=&#8221;|300|||||||&#8221; header_2_font_size=&#8221;36px&#8221; header_2_line_height=&#8221;1.3em&#8221; background_color=&#8221;rgba(252,252,252,0)&#8221; max_width=&#8221;400px&#8221; module_alignment=&#8221;center&#8221; custom_margin=&#8221;||0px||false|false&#8221; custom_padding=&#8221;||||true|false&#8221; locked=&#8221;off&#8221;]<\/p>\n<p>Tai pusiasalis su \u012fstabaus gro\u017eio sm\u0117lio kopomis, skiriantis Kur\u0161i\u0173 marias nuo Baltijos j\u016bros. Tai ne tik gamtos draustinis, bet ir svarbi Lietuvai istorin\u0117 vieta.<\/p>\n<p>Kopos slepia ne vien\u0105 u\u017epustyt\u0105 gyvenviet\u0119, mena pr\u016bsus, vikingus, vokie\u010dius, pranc\u016bzus, latvius, rusus ir, \u017einoma, lietuvius.<\/p>\n<p>[\/et_pb_text][\/et_pb_column][\/et_pb_row][\/et_pb_section][et_pb_section fb_built=&#8221;1&#8243; module_id=&#8221;rezervuoti&#8221; _builder_version=&#8221;4.4.9&#8243; background_color=&#8221;#f9f9f9&#8243; background_image=&#8221;https:\/\/comfyrest.eu\/wp-content\/uploads\/2020\/08\/gintaro-ilanka.jpg&#8221; custom_margin=&#8221;||||false|false&#8221; hover_enabled=&#8221;0&#8243; custom_css_main_element=&#8221;min-height: 100vh;||display: flex;||flex-direction: column;&#8221;][\/et_pb_section][et_pb_section fb_built=&#8221;1&#8243; _builder_version=&#8221;4.4.9&#8243; background_enable_color=&#8221;off&#8221; use_background_color_gradient=&#8221;on&#8221; background_color_gradient_start=&#8221;#e3eef2&#8243; background_color_gradient_end=&#8221;rgba(247,243,234,0)&#8221; background_color_gradient_direction=&#8221;90deg&#8221; background_color_gradient_end_position=&#8221;50%&#8221; background_color_gradient_overlays_image=&#8221;on&#8221; background_enable_image=&#8221;off&#8221; background_position=&#8221;bottom_center&#8221; custom_margin=&#8221;||||false|false&#8221; custom_padding=&#8221;||25px||false|false&#8221;][et_pb_row column_structure=&#8221;2_5,3_5&#8243; _builder_version=&#8221;4.4.9&#8243; width=&#8221;90%&#8221; max_width=&#8221;1200px&#8221; custom_margin=&#8221;100px|auto|100px|auto|true|false&#8221; custom_margin_tablet=&#8221;&#8221; custom_margin_phone=&#8221;0px|auto|0px|auto|false|false&#8221; custom_margin_last_edited=&#8221;on|phone&#8221;][et_pb_column type=&#8221;2_5&#8243; _builder_version=&#8221;4.4.9&#8243;][et_pb_text _builder_version=&#8221;4.4.9&#8243; text_font=&#8221;|300|||||||&#8221; text_line_height=&#8221;1.4em&#8221; header_font=&#8221;Poppins|500|||||||&#8221; header_text_color=&#8221;#ffffff&#8221; header_2_font=&#8221;|300|||||||&#8221; header_2_font_size=&#8221;36px&#8221; header_2_line_height=&#8221;1.3em&#8221; background_color=&#8221;rgba(252,252,252,0)&#8221; module_alignment=&#8221;left&#8221; custom_margin=&#8221;||||false|false&#8221; custom_padding=&#8221;||||true|false&#8221; header_2_font_size_tablet=&#8221;&#8221; header_2_font_size_phone=&#8221;26px&#8221; header_2_font_size_last_edited=&#8221;on|phone&#8221; locked=&#8221;off&#8221;]<\/p>\n<h2>Juodkrant\u0117 \u2013 antroji pagal dyd\u012f linijinio plano gyvenviet\u0117 Kur\u0161i\u0173 nerijoje, nutolusi nuo Klaip\u0117dos tik 14 km ir \u012fsik\u016brusi parabolini\u0173 kop\u0173 sl\u0117nyje.<\/h2>\n<p>[\/et_pb_text][\/et_pb_column][et_pb_column type=&#8221;3_5&#8243; _builder_version=&#8221;4.4.9&#8243;][et_pb_text _builder_version=&#8221;4.4.9&#8243; text_font=&#8221;|300|||||||&#8221; text_line_height=&#8221;1.4em&#8221; header_font=&#8221;Poppins|500|||||||&#8221; header_text_color=&#8221;#ffffff&#8221; header_2_font=&#8221;|300|||||||&#8221; header_2_font_size=&#8221;36px&#8221; header_2_line_height=&#8221;1.3em&#8221; background_color=&#8221;rgba(252,252,252,0)&#8221; max_width=&#8221;400px&#8221; module_alignment=&#8221;center&#8221; custom_margin=&#8221;||0px||false|false&#8221; custom_padding=&#8221;||||true|false&#8221; locked=&#8221;off&#8221;]Nors \u010dia gyvena nedaug vietini\u0173 gyventoj\u0173, ta\u010diau poilsiautojai ie\u0161ko ramyb\u0117s i\u0161tisus metus, juk niekas taip nei\u0161valo min\u010di\u0173, kaip fantasti\u0161ko gro\u017eio gamta.<\/p>\n<p>\u017dmoni\u0173 nepalyt\u0117ta gamta ir viskas, ko tik reikia patogiam ner\u016bpestingam poilsiui ramumoje ir tyloje, tad j\u0105 renkasi ie\u0161kantys ramesnio poilsio, bet su galimybe apsipirkti, u\u017esukti \u012f kavin\u0119, bibliotek\u0105 ar muziej\u0173.[\/et_pb_text][\/et_pb_column][\/et_pb_row][et_pb_row _builder_version=&#8221;4.4.9&#8243; width=&#8221;90%&#8221; max_width=&#8221;1200px&#8221; custom_margin=&#8221;100px|auto|100px|auto|true|false&#8221;][et_pb_column type=&#8221;4_4&#8243; _builder_version=&#8221;4.4.9&#8243;][et_pb_gallery gallery_ids=&#8221;1581,1906,426,926,1980,1737,1983,1559&#8243; posts_number=&#8221;100&#8243; orientation=&#8221;portrait&#8221; show_title_and_caption=&#8221;off&#8221; show_pagination=&#8221;off&#8221; zoom_icon_color=&#8221;#ffffff&#8221; hover_overlay_color=&#8221;rgba(0,0,0,0.2)&#8221; _builder_version=&#8221;4.4.9&#8243; hover_enabled=&#8221;0&#8243;][\/et_pb_gallery][\/et_pb_column][\/et_pb_row][\/et_pb_section]<\/p>\n","protected":false},"excerpt":{"rendered":"<p>Kur\u0161i\u0173 nerija \u2013 neabejotinai vienas unikaliausi\u0173 Lietuvos kampeli\u0173, \u012ftraukt\u0173 \u012f \u201eUnesco\u201c pasaulio paveldo s\u0105ra\u0161\u0105.Tai pusiasalis su \u012fstabaus gro\u017eio sm\u0117lio kopomis, skiriantis Kur\u0161i\u0173 marias nuo Baltijos j\u016bros. Tai ne tik gamtos draustinis, bet ir svarbi Lietuvai istorin\u0117 vieta. Kopos slepia ne vien\u0105 u\u017epustyt\u0105 gyvenviet\u0119, mena pr\u016bsus, vikingus, vokie\u010dius, pranc\u016bzus, latvius, rusus ir, \u017einoma, lietuvius.Juodkrant\u0117 \u2013 antroji [&hellip;]<\/p>\n","protected":false},"author":1,"featured_media":0,"parent":0,"menu_order":0,"comment_status":"closed","ping_status":"closed","template":"","meta":{"_acf_changed":false,"_et_pb_use_builder":"on","_et_pb_old_content":"","_et_gb_content_width":"","footnotes":""},"categories":[],"class_list":["post-546","page","type-page","status-publish","hentry"],"acf":[],"_links":{"self":[{"href":"https:\/\/comfyrest.eu\/en\/wp-json\/wp\/v2\/pages\/546","targetHints":{"allow":["GET"]}}],"collection":[{"href":"https:\/\/comfyrest.eu\/en\/wp-json\/wp\/v2\/pages"}],"about":[{"href":"https:\/\/comfyrest.eu\/en\/wp-json\/wp\/v2\/types\/page"}],"author":[{"embeddable":true,"href":"https:\/\/comfyrest.eu\/en\/wp-json\/wp\/v2\/users\/1"}],"replies":[{"embeddable":true,"href":"https:\/\/comfyrest.eu\/en\/wp-json\/wp\/v2\/comments?post=546"}],"version-history":[{"count":0,"href":"https:\/\/comfyrest.eu\/en\/wp-json\/wp\/v2\/pages\/546\/revisions"}],"wp:attachment":[{"href":"https:\/\/comfyrest.eu\/en\/wp-json\/wp\/v2\/media?parent=546"}],"wp:term":[{"taxonomy":"category","embeddable":true,"href":"https:\/\/comfyrest.eu\/en\/wp-json\/wp\/v2\/categories?post=546"}],"curies":[{"name":"wp","href":"https:\/\/api.w.org\/{rel}","templated":true}]}}