{"id":4950,"date":"2026-02-24T14:15:32","date_gmt":"2026-02-24T11:15:32","guid":{"rendered":"https:\/\/comfyrestdev1.wpenginepowered.com\/?page_id=4950"},"modified":"2026-03-31T09:35:56","modified_gmt":"2026-03-31T06:35:56","slug":"comfy-rest-vidaus-tvarkos-taisykles","status":"publish","type":"page","link":"https:\/\/comfyrest.eu\/de\/comfy-rest-vidaus-tvarkos-taisykles\/","title":{"rendered":"Comfy Rest Hausordnung"},"content":{"rendered":"<p><span style=\"font-weight: 400;\">Liebe G\u00e4ste, diese Informationen werden bereitgestellt, damit Ihr Urlaub und der anderer G\u00e4ste ruhig und angenehm verl\u00e4uft. Diese Hausordnung ist ein wesentlicher Bestandteil der Buchungsbedingungen.<\/span><\/p>\n<h4><b>1. Haustiere<\/b><\/h4>\n<p><span style=\"font-weight: 400;\">Wir sind tierfreundlich. Haustiere m\u00fcssen im Voraus bei der Buchung angegeben werden.<\/span><\/p>\n<p><b>Geb\u00fchr: <\/b><span style=\"font-weight: 400;\">10 \u20ac pro Haustier pro Nacht.<\/span><\/p>\n<p><b>Maximale Anzahl: <\/b><span style=\"font-weight: 400;\">2 Haustiere pro Objekt.<\/span><\/p>\n<p><span style=\"font-weight: 400;\">Tierregeln:<\/span><\/p>\n<ul>\n<li style=\"font-weight: 400;\" aria-level=\"1\"><span style=\"font-weight: 400;\">Haustiere d\u00fcrfen nicht auf M\u00f6beln, Sofas oder Bettw\u00e4sche sein.<\/span><\/li>\n<li style=\"font-weight: 400;\" aria-level=\"1\"><span style=\"font-weight: 400;\">Werden Tierhaare oder Spuren auf der Bettw\u00e4sche oder den M\u00f6beln gefunden, wird eine Strafe von 100 \u20ac erhoben.<\/span><\/li>\n<li style=\"font-weight: 400;\" aria-level=\"1\"><span style=\"font-weight: 400;\">Haustiere d\u00fcrfen nicht unbeaufsichtigt in der Wohnung gelassen werden.<\/span><\/li>\n<li style=\"font-weight: 400;\" aria-level=\"1\"><span style=\"font-weight: 400;\">Der Gast haftet f\u00fcr Sch\u00e4den, die Haustiere am Objekt und dessen Inventar verursachen.<\/span><\/li>\n<\/ul>\n<h4><b>2. Rauchen<\/b><\/h4>\n<p><span style=\"font-weight: 400;\">Rauchen (einschlie\u00dflich E-Zigaretten und Dampfger\u00e4te) <\/span><b>ist strengstens verboten<\/b><span style=\"font-weight: 400;\"> in allen Innenr\u00e4umen und auf dem gesamten Gel\u00e4nde.<\/span><\/p>\n<p><span style=\"font-weight: 400;\">Bei Versto\u00df gegen diese Regel wird eine <\/span><b>Strafe von 100 \u20ac<\/b><span style=\"font-weight: 400;\">zur Deckung der zus\u00e4tzlichen Reinigungskosten erhoben. Wenn die tats\u00e4chlichen Reinigungs- und L\u00fcftungskosten diesen Betrag \u00fcbersteigen, haftet der Gast f\u00fcr den gesamten Schaden.<\/span><\/p>\n<h4><b>3. Eigentum und Sch\u00e4den<\/b><\/h4>\n<p><span style=\"font-weight: 400;\">Wenn etwas besch\u00e4digt wird, bitten wir Sie, dies unverz\u00fcglich zu melden.<\/span><\/p>\n<p><span style=\"font-weight: 400;\">Bei zerbrochenen oder stark besch\u00e4digten Gegenst\u00e4nden wird der Schaden bewertet und zum tats\u00e4chlichen Ersatz- oder Reparaturpreis in Rechnung gestellt.<\/span><\/p>\n<p><b>Ausnahme: <\/b><span style=\"font-weight: 400;\">Kleinere Gegenst\u00e4nde (z. B. ein Teller, eine Tasse oder ein Glas) werden nicht berechnet.<\/span><\/p>\n<h4><b>4. Gemeinschaftsbereiche und Gel\u00e4nde<\/b><\/h4>\n<ul>\n<li style=\"font-weight: 400;\" aria-level=\"1\"><span style=\"font-weight: 400;\">Fahrr\u00e4der oder andere Ausr\u00fcstungen d\u00fcrfen nicht in Gemeinschaftsbereichen aufbewahrt werden.<\/span><\/li>\n<li style=\"font-weight: 400;\" aria-level=\"1\"><span style=\"font-weight: 400;\">Die Nutzung von Grills auf der Terrasse ist verboten.<\/span><\/li>\n<li style=\"font-weight: 400;\" aria-level=\"1\"><span style=\"font-weight: 400;\">Das Wegwerfen von M\u00fcll im Hof oder in Gemeinschaftsbereichen ist verboten.<\/span><\/li>\n<li style=\"font-weight: 400;\" aria-level=\"1\"><span style=\"font-weight: 400;\">Bitte M\u00fcll trennen und in die daf\u00fcr vorgesehenen Beh\u00e4lter werfen.<\/span><\/li>\n<li style=\"font-weight: 400;\" aria-level=\"1\"><span style=\"font-weight: 400;\">Das Ausgie\u00dfen von Kaffeesatz, Teebl\u00e4ttern, \u00d6l oder \u00e4hnlichen R\u00fcckst\u00e4nden in den Abfluss ist verboten.<\/span><\/li>\n<li style=\"font-weight: 400;\" aria-level=\"1\"><span style=\"font-weight: 400;\">Das Bohren oder anderweitige Machen von L\u00f6chern oder Ver\u00e4nderungen an W\u00e4nden, Decken, M\u00f6beln oder anderen Konstruktionen ist verboten.<\/span><\/li>\n<\/ul>\n<h4><b>5. Ruhezeiten<\/b><\/h4>\n<p><span style=\"font-weight: 400;\">L\u00e4rm machen, laute Musik h\u00f6ren oder die Nachbarn anderweitig st\u00f6ren ist zu sp\u00e4ten Stunden verboten (von <\/span><b>22:00 bis 08:00 Uhr<\/b><span style=\"font-weight: 400;\">).<\/span><\/p>\n<p><b>Partys, Feiern und Gruppenveranstaltungen sind verboten<\/b><span style=\"font-weight: 400;\"> ohne vorherige schriftliche Genehmigung.<\/span><\/p>\n<p><span style=\"font-weight: 400;\">Bei Verst\u00f6\u00dfen gegen die L\u00e4rmregeln k\u00f6nnen nach litauischem Recht Bu\u00dfgelder verh\u00e4ngt werden (80\u2013200 \u20ac pro Person).<\/span><\/p>\n<h4><b>6. Check-in und Check-out<\/b><\/h4>\n<p><b>Check-in: <\/b><span style=\"font-weight: 400;\">ab 15:00 Uhr.<\/span><\/p>\n<p><b>Check-out: <\/b><span style=\"font-weight: 400;\">bis 11:00 Uhr.<\/span><\/p>\n<p><span style=\"font-weight: 400;\">Ein sp\u00e4ter Check-out muss im Voraus vereinbart werden. Sp\u00e4ter Check-out ist abh\u00e4ngig von der Verf\u00fcgbarkeit und kann eine zus\u00e4tzliche Geb\u00fchr anfallen.<\/span><\/p>\n<p><span style=\"font-weight: 400;\">Bei der Abreise bitten wir Sie:<\/span><\/p>\n<ul>\n<li style=\"font-weight: 400;\" aria-level=\"1\"><span style=\"font-weight: 400;\">Alle benutzten Geschirr sp\u00fclen.<\/span><\/li>\n<li style=\"font-weight: 400;\" aria-level=\"1\"><span style=\"font-weight: 400;\">M\u00fcll in die daf\u00fcr vorgesehenen Beh\u00e4lter werfen.<\/span><\/li>\n<li style=\"font-weight: 400;\" aria-level=\"1\"><span style=\"font-weight: 400;\">Alle Fenster und T\u00fcren abschlie\u00dfen.<\/span><\/li>\n<li style=\"font-weight: 400;\" aria-level=\"1\"><span style=\"font-weight: 400;\">Schl\u00fcssel an den angegebenen Ort zur\u00fcckgeben.<\/span><\/li>\n<\/ul>\n<p><b>Zur\u00fcckgelassene Gegenst\u00e4nde.<\/b><span style=\"font-weight: 400;\"> Im Objekt zur\u00fcckgelassene pers\u00f6nliche Gegenst\u00e4nde werden h\u00f6chstens 30 Tage aufbewahrt. Bitte kontaktieren Sie uns innerhalb von 14 Tagen nach der Abreise. Gegenst\u00e4nde k\u00f6nnen auf Kosten des Gastes per Kurier zugesandt werden. Nach 30 Tagen werden nicht abgeholte Gegenst\u00e4nde entsorgt.<\/span><\/p>\n<h4><b>7. Schlussbestimmungen<\/b><\/h4>\n<p><span style=\"font-weight: 400;\">Die verantwortliche Person hat das Recht, Personen, die diese Hausordnung nicht einhalten oder grob dagegen versto\u00dfen, vorzeitig aus der Wohnung zu verweisen. In solchen F\u00e4llen erfolgt keine R\u00fcckerstattung.<\/span><\/p>\n<p><span style=\"font-weight: 400;\">ComfyRest beh\u00e4lt sich das Recht vor, Schadensersatz f\u00fcr verursachte Sch\u00e4den und Verluste zu fordern.<\/span><\/p>\n<p><i><span style=\"font-weight: 400;\">Vielen Dank, dass Sie diese Regeln einhalten.<\/span><\/i><\/p>\n<p><i><span style=\"font-weight: 400;\">Maloni\u0173 atostog\u0173 su ComfyRest!<\/span><\/i><\/p>\n<p><span style=\"font-weight: 400;\">Bei Fragen: rest@comfyrest.lt | +37064569999<\/span><\/p>\n<p class=\"p2\">","protected":false},"excerpt":{"rendered":"<p>Mieli sve\u010diai, \u0161i informacija pateikta tam, kad J\u016bs\u0173 ir kit\u0173 poilsiautoj\u0173 atostogos b\u016bt\u0173 ramios ir malonios. \u0160ios Vidaus taisykl\u0117s yra neatskiriama rezervacijos s\u0105lyg\u0173 dalis. 1. Augintiniai Esame draugi\u0161ki gyv\u016bnams. Apie augintinius b\u016btina informuoti i\u0161 anksto rezervacijos metu. Mokestis: 10 \u20ac u\u017e augintin\u012f u\u017e nakvyn\u0119. Maksimalus skai\u010dius: 2 augintiniai vienam objektui. Augintini\u0173 taisykl\u0117s: Draud\u017eiama augintiniams lipti [&hellip;]<\/p>\n","protected":false},"author":50,"featured_media":0,"parent":0,"menu_order":0,"comment_status":"closed","ping_status":"closed","template":"","meta":{"_acf_changed":false,"_et_pb_use_builder":"","_et_pb_old_content":"","_et_gb_content_width":"","footnotes":""},"categories":[],"class_list":["post-4950","page","type-page","status-publish","hentry"],"acf":[],"_links":{"self":[{"href":"https:\/\/comfyrest.eu\/de\/wp-json\/wp\/v2\/pages\/4950","targetHints":{"allow":["GET"]}}],"collection":[{"href":"https:\/\/comfyrest.eu\/de\/wp-json\/wp\/v2\/pages"}],"about":[{"href":"https:\/\/comfyrest.eu\/de\/wp-json\/wp\/v2\/types\/page"}],"author":[{"embeddable":true,"href":"https:\/\/comfyrest.eu\/de\/wp-json\/wp\/v2\/users\/50"}],"replies":[{"embeddable":true,"href":"https:\/\/comfyrest.eu\/de\/wp-json\/wp\/v2\/comments?post=4950"}],"version-history":[{"count":0,"href":"https:\/\/comfyrest.eu\/de\/wp-json\/wp\/v2\/pages\/4950\/revisions"}],"wp:attachment":[{"href":"https:\/\/comfyrest.eu\/de\/wp-json\/wp\/v2\/media?parent=4950"}],"wp:term":[{"taxonomy":"category","embeddable":true,"href":"https:\/\/comfyrest.eu\/de\/wp-json\/wp\/v2\/categories?post=4950"}],"curies":[{"name":"wp","href":"https:\/\/api.w.org\/{rel}","templated":true}]}}